{"id":1572,"date":"2022-04-16T00:01:00","date_gmt":"2022-04-16T00:01:00","guid":{"rendered":"https:\/\/heyddyescobar.com\/?page_id=1572"},"modified":"2026-01-14T16:41:55","modified_gmt":"2026-01-14T16:41:55","slug":"acerca-de-mi","status":"publish","type":"page","link":"https:\/\/heyddyescobar.com\/?page_id=1572","title":{"rendered":"Acerca de m\u00ed"},"content":{"rendered":"\t\t<div data-elementor-type=\"wp-page\" data-elementor-id=\"1572\" class=\"elementor elementor-1572\">\n\t\t\t\t\t\t<section class=\"elementor-section elementor-top-section elementor-element elementor-element-ddfe4cb elementor-section-boxed elementor-section-height-default elementor-section-height-default\" data-id=\"ddfe4cb\" data-element_type=\"section\" data-e-type=\"section\">\n\t\t\t\t\t\t<div class=\"elementor-container elementor-column-gap-default\">\n\t\t\t\t\t<div class=\"elementor-column elementor-col-50 elementor-top-column elementor-element elementor-element-33c81d4\" data-id=\"33c81d4\" data-element_type=\"column\" data-e-type=\"column\">\n\t\t\t<div class=\"elementor-widget-wrap elementor-element-populated\">\n\t\t\t\t\t\t<div class=\"elementor-element elementor-element-b3741fd elementor-widget elementor-widget-text-editor\" data-id=\"b3741fd\" data-element_type=\"widget\" data-e-type=\"widget\" data-widget_type=\"text-editor.default\">\n\t\t\t\t<div class=\"elementor-widget-container\">\n\t\t\t\t\t\t\t\t\t<p data-start=\"153\" data-end=\"393\"><span style=\"color: #333399;\">Apasionada por la educaci\u00f3n continua, me siento orgullosa de los retos que he afrontado a lo largo de mi vida. Cada acierto y cada desacierto han sido parte fundamental del camino que me ha conducido hacia la madurez personal y profesional.<\/span><\/p><p data-start=\"395\" data-end=\"648\"><span style=\"color: #333399;\">Las herramientas m\u00e1s valiosas en mi proceso de aprendizaje han sido la escucha activa y la empat\u00eda. A trav\u00e9s de ellas he logrado ponerme en el lugar de los dem\u00e1s, comprender distintos procesos y mantenerme abierta y receptiva a diversos puntos de vista.<\/span><\/p><p data-start=\"650\" data-end=\"828\"><span style=\"color: #333399;\">Uno de mis mayores retos profesionales fue certificarme en Auditor\u00eda Interna, un objetivo que alcanc\u00e9 a inicios del a\u00f1o 2023 y que represent\u00f3 un hito importante en mi desarrollo.<\/span><\/p><p data-start=\"830\" data-end=\"877\"><span style=\"color: #333399;\">Breve antecedente de mi itinerario profesional:<\/span><\/p><p data-start=\"879\" data-end=\"1259\"><span style=\"color: #333399;\">Al cumplir cinco a\u00f1os de experiencia como Contadora P\u00fablica, surgi\u00f3 en m\u00ed una profunda reflexi\u00f3n: \u00bfeste era realmente el camino que hab\u00eda so\u00f1ado? Comenc\u00e9 a cuestionar si mi vocaci\u00f3n era otra o si simplemente a\u00fan no estaba preparada para los cambios que se avecinaban. Los nuevos retos exig\u00edan un alto nivel de motivaci\u00f3n, compromiso personal y una redefinici\u00f3n clara de mis metas.<\/span><\/p>\t\t\t\t\t\t\t\t<\/div>\n\t\t\t\t<\/div>\n\t\t\t\t\t<\/div>\n\t\t<\/div>\n\t\t\t\t<div class=\"elementor-column elementor-col-50 elementor-top-column elementor-element elementor-element-63589d1\" data-id=\"63589d1\" data-element_type=\"column\" data-e-type=\"column\">\n\t\t\t<div class=\"elementor-widget-wrap elementor-element-populated\">\n\t\t\t\t\t\t<div class=\"elementor-element elementor-element-df56e1e elementor-widget elementor-widget-image\" data-id=\"df56e1e\" data-element_type=\"widget\" data-e-type=\"widget\" data-widget_type=\"image.default\">\n\t\t\t\t<div class=\"elementor-widget-container\">\n\t\t\t\t\t\t\t\t\t\t\t\t\t\t\t<img fetchpriority=\"high\" decoding=\"async\" width=\"640\" height=\"930\" src=\"https:\/\/heyddyescobar.com\/wp-content\/uploads\/2024\/08\/Foto22de46-1-705x1024.jpg\" class=\"attachment-large size-large wp-image-3070\" alt=\"\" srcset=\"https:\/\/heyddyescobar.com\/wp-content\/uploads\/2024\/08\/Foto22de46-1-705x1024.jpg 705w, https:\/\/heyddyescobar.com\/wp-content\/uploads\/2024\/08\/Foto22de46-1-206x300.jpg 206w, https:\/\/heyddyescobar.com\/wp-content\/uploads\/2024\/08\/Foto22de46-1-768x1116.jpg 768w, https:\/\/heyddyescobar.com\/wp-content\/uploads\/2024\/08\/Foto22de46-1-1057x1536.jpg 1057w, https:\/\/heyddyescobar.com\/wp-content\/uploads\/2024\/08\/Foto22de46-1-1409x2048.jpg 1409w, https:\/\/heyddyescobar.com\/wp-content\/uploads\/2024\/08\/Foto22de46-1-scaled.jpg 1761w\" sizes=\"(max-width: 640px) 100vw, 640px\" \/>\t\t\t\t\t\t\t\t\t\t\t\t\t\t\t<\/div>\n\t\t\t\t<\/div>\n\t\t\t\t\t<\/div>\n\t\t<\/div>\n\t\t\t\t\t<\/div>\n\t\t<\/section>\n\t\t\t\t<section class=\"elementor-section elementor-top-section elementor-element elementor-element-8803f12 elementor-section-boxed elementor-section-height-default elementor-section-height-default\" data-id=\"8803f12\" data-element_type=\"section\" data-e-type=\"section\">\n\t\t\t\t\t\t<div class=\"elementor-container elementor-column-gap-default\">\n\t\t\t\t\t<div class=\"elementor-column elementor-col-50 elementor-top-column elementor-element elementor-element-6eb2e6d\" data-id=\"6eb2e6d\" data-element_type=\"column\" data-e-type=\"column\">\n\t\t\t<div class=\"elementor-widget-wrap elementor-element-populated\">\n\t\t\t\t\t\t<div class=\"elementor-element elementor-element-c1a1fe2 elementor-widget elementor-widget-image\" data-id=\"c1a1fe2\" data-element_type=\"widget\" data-e-type=\"widget\" data-widget_type=\"image.default\">\n\t\t\t\t<div class=\"elementor-widget-container\">\n\t\t\t\t\t\t\t\t\t\t\t\t\t\t\t<img decoding=\"async\" width=\"640\" height=\"800\" src=\"https:\/\/heyddyescobar.com\/wp-content\/uploads\/2022\/02\/WhatsApp-Image-2022-02-13-at-4.53.38-PM-768x960.jpeg\" class=\"attachment-medium_large size-medium_large wp-image-824\" alt=\"\" srcset=\"https:\/\/heyddyescobar.com\/wp-content\/uploads\/2022\/02\/WhatsApp-Image-2022-02-13-at-4.53.38-PM-768x960.jpeg 768w, https:\/\/heyddyescobar.com\/wp-content\/uploads\/2022\/02\/WhatsApp-Image-2022-02-13-at-4.53.38-PM-240x300.jpeg 240w, https:\/\/heyddyescobar.com\/wp-content\/uploads\/2022\/02\/WhatsApp-Image-2022-02-13-at-4.53.38-PM-819x1024.jpeg 819w, https:\/\/heyddyescobar.com\/wp-content\/uploads\/2022\/02\/WhatsApp-Image-2022-02-13-at-4.53.38-PM.jpeg 1024w\" sizes=\"(max-width: 640px) 100vw, 640px\" \/>\t\t\t\t\t\t\t\t\t\t\t\t\t\t\t<\/div>\n\t\t\t\t<\/div>\n\t\t\t\t\t<\/div>\n\t\t<\/div>\n\t\t\t\t<div class=\"elementor-column elementor-col-50 elementor-top-column elementor-element elementor-element-dc85de7\" data-id=\"dc85de7\" data-element_type=\"column\" data-e-type=\"column\">\n\t\t\t<div class=\"elementor-widget-wrap elementor-element-populated\">\n\t\t\t\t\t\t<div class=\"elementor-element elementor-element-db595bb elementor-widget elementor-widget-text-editor\" data-id=\"db595bb\" data-element_type=\"widget\" data-e-type=\"widget\" data-widget_type=\"text-editor.default\">\n\t\t\t\t<div class=\"elementor-widget-container\">\n\t\t\t\t\t\t\t\t\t<p style=\"text-align: justify;\" data-start=\"134\" data-end=\"229\"><span style=\"color: #333399;\">Y t\u00fa, \u00bfalguna vez te has quebrado? \u00bfHas atravesado una situaci\u00f3n capaz de romper tu equilibrio?<\/span><\/p><p style=\"text-align: justify;\" data-start=\"231\" data-end=\"494\"><span style=\"color: #333399;\">Mir\u00e9 hacia atr\u00e1s y retom\u00e9 mi pasado. En realidad, mis opciones de carrera eran otras, poco relacionadas con los n\u00fameros y m\u00e1s vinculadas con la escritura y la comunicaci\u00f3n. Sin embargo, en aquel momento no estuvo en mis manos tomar la decisi\u00f3n que cre\u00eda correcta.<\/span><\/p><p style=\"text-align: justify;\" data-start=\"496\" data-end=\"535\"><span style=\"color: #333399;\">Entonces me pregunt\u00e9: \u00bfqu\u00e9 deb\u00eda hacer?<\/span><\/p><p style=\"text-align: justify;\" data-start=\"537\" data-end=\"838\"><span style=\"color: #333399;\">Acept\u00e9 que rendirme a la primera no era una opci\u00f3n y decid\u00ed darle una oportunidad a lo desconocido. As\u00ed comenz\u00f3 mi primer acercamiento a la auditor\u00eda interna. Era una mujer incursionando en una industria tradicionalmente dominada por hombres, algo que, lejos de detenerme, fortaleci\u00f3 mi determinaci\u00f3n.<\/span><\/p><p style=\"text-align: justify;\" data-start=\"840\" data-end=\"1101\"><span style=\"color: #333399;\">A trav\u00e9s de este blog quiero compartir las experiencias que me impulsaron a crecer y a seguir luchando por mis sue\u00f1os. Lo hago con la convicci\u00f3n de que, en alg\u00fan lugar, habr\u00e1 alguien destinado a reencontrarse con esta maravillosa profesi\u00f3n, tal como yo lo hice.<\/span><\/p>\t\t\t\t\t\t\t\t<\/div>\n\t\t\t\t<\/div>\n\t\t\t\t\t<\/div>\n\t\t<\/div>\n\t\t\t\t\t<\/div>\n\t\t<\/section>\n\t\t\t\t<section class=\"elementor-section elementor-top-section elementor-element elementor-element-859e155 elementor-section-boxed elementor-section-height-default elementor-section-height-default\" data-id=\"859e155\" data-element_type=\"section\" data-e-type=\"section\">\n\t\t\t\t\t\t<div class=\"elementor-container elementor-column-gap-default\">\n\t\t\t\t\t<div class=\"elementor-column elementor-col-50 elementor-top-column elementor-element elementor-element-fabb8c1\" data-id=\"fabb8c1\" data-element_type=\"column\" data-e-type=\"column\">\n\t\t\t<div class=\"elementor-widget-wrap elementor-element-populated\">\n\t\t\t\t\t\t<div class=\"elementor-element elementor-element-bca4c38 elementor-widget elementor-widget-image\" data-id=\"bca4c38\" data-element_type=\"widget\" data-e-type=\"widget\" data-widget_type=\"image.default\">\n\t\t\t\t<div class=\"elementor-widget-container\">\n\t\t\t\t\t\t\t\t\t\t\t\t\t\t\t<img decoding=\"async\" width=\"640\" height=\"647\" src=\"https:\/\/heyddyescobar.com\/wp-content\/uploads\/2022\/04\/2.png\" class=\"attachment-large size-large wp-image-1696\" alt=\"\" srcset=\"https:\/\/heyddyescobar.com\/wp-content\/uploads\/2022\/04\/2.png 760w, https:\/\/heyddyescobar.com\/wp-content\/uploads\/2022\/04\/2-297x300.png 297w\" sizes=\"(max-width: 640px) 100vw, 640px\" \/>\t\t\t\t\t\t\t\t\t\t\t\t\t\t\t<\/div>\n\t\t\t\t<\/div>\n\t\t\t\t\t<\/div>\n\t\t<\/div>\n\t\t\t\t<div class=\"elementor-column elementor-col-50 elementor-top-column elementor-element elementor-element-1bc4d4c\" data-id=\"1bc4d4c\" data-element_type=\"column\" data-e-type=\"column\">\n\t\t\t<div class=\"elementor-widget-wrap elementor-element-populated\">\n\t\t\t\t\t\t<div class=\"elementor-element elementor-element-46426f7 elementor-widget elementor-widget-text-editor\" data-id=\"46426f7\" data-element_type=\"widget\" data-e-type=\"widget\" data-widget_type=\"text-editor.default\">\n\t\t\t\t<div class=\"elementor-widget-container\">\n\t\t\t\t\t\t\t\t\t<h3 style=\"text-align: justify;\" data-start=\"122\" data-end=\"158\"><span style=\"color: #000080;\">Mi carrera y formaci\u00f3n acad\u00e9mica<\/span><\/h3><p style=\"text-align: justify;\" data-start=\"160\" data-end=\"326\"><span style=\"color: #333399;\">Soy Auditora Interna Certificada (CIA), Contadora P\u00fablica Autorizada, M\u00e1ster en Finanzas y Coach Ejecutivo Certificada, con m\u00e1s de 15 a\u00f1os de experiencia profesional.<\/span><\/p><p style=\"text-align: justify;\" data-start=\"328\" data-end=\"596\"><span style=\"color: #333399;\">A lo largo de mi trayectoria he desempe\u00f1ado funciones en Auditor\u00eda Externa, Auditor\u00eda de Procesos Operativos, Contabilidad, Auditor\u00eda Interna, Control Interno y Gesti\u00f3n de Riesgos Empresariales, desarrollando una visi\u00f3n estrat\u00e9gica y transversal de las organizaciones.<\/span><\/p><p style=\"text-align: justify;\" data-start=\"598\" data-end=\"872\"><span style=\"color: #333399;\">Mi experiencia se ha consolidado en diversas industrias, entre ellas manufactura, consumo masivo, ventas minoristas y microfinanzas, lo que me ha permitido comprender los negocios desde una perspectiva integral, enfocada en la generaci\u00f3n de valor y la mitigaci\u00f3n de riesgos.<\/span><\/p><p style=\"text-align: justify;\" data-start=\"874\" data-end=\"1101\"><span style=\"color: #333399;\">Como complemento a mi formaci\u00f3n acad\u00e9mica, cuento con certificaciones en COSO Control Interno, COSO ERM, ISO 31000 Risk Manager, ISO 27001 Auditor L\u00edder, as\u00ed como en metodolog\u00edas \u00e1giles de trabajo, espec\u00edficamente Scrum Master.<\/span><\/p>\t\t\t\t\t\t\t\t<\/div>\n\t\t\t\t<\/div>\n\t\t\t\t\t<\/div>\n\t\t<\/div>\n\t\t\t\t\t<\/div>\n\t\t<\/section>\n\t\t\t\t<section class=\"elementor-section elementor-top-section elementor-element elementor-element-d3ecc10 elementor-section-boxed elementor-section-height-default elementor-section-height-default\" data-id=\"d3ecc10\" data-element_type=\"section\" data-e-type=\"section\">\n\t\t\t\t\t\t<div class=\"elementor-container elementor-column-gap-default\">\n\t\t\t\t\t<div class=\"elementor-column elementor-col-50 elementor-top-column elementor-element elementor-element-fe224d8\" data-id=\"fe224d8\" data-element_type=\"column\" data-e-type=\"column\">\n\t\t\t<div class=\"elementor-widget-wrap elementor-element-populated\">\n\t\t\t\t\t\t<div class=\"elementor-element elementor-element-5dee7e4 elementor-widget elementor-widget-text-editor\" data-id=\"5dee7e4\" data-element_type=\"widget\" data-e-type=\"widget\" data-widget_type=\"text-editor.default\">\n\t\t\t\t<div class=\"elementor-widget-container\">\n\t\t\t\t\t\t\t\t\t<p style=\"text-align: justify;\"><span style=\"font-size: 13pt; font-family: Arial, sans-serif; color: #000080;\">Actualmente trabajo como Consultora de Aseguramiento en Banco Interamericano de Desarrollo (BID) y formadora independiente en Auditor\u00eda Interna, Control Interno y Gesti\u00f3n de Riesgos Empresariales.<\/span><\/p><p style=\"margin-top: 0cm; background-image: initial; background-position: initial; background-size: initial; background-repeat: initial; background-attachment: initial; background-origin: initial; background-clip: initial; text-align: justify;\"><span style=\"color: #000080;\"><span style=\"font-family: Arial, sans-serif; font-size: 13pt;\">Desde 2022 ejerc\u00ed como Docente de <\/span><span style=\"font-family: Arial, sans-serif; font-size: 13pt;\">Pregrado para la Carrera de Contabilidad P\u00fablica y Auditor\u00eda, impartiendo\u00a0<\/span><span style=\"font-family: Arial, sans-serif; font-size: 13pt;\">clases de Contabilidad 1, Contabilidad de Sociedades, Contabilidad de Costos,\u00a0<\/span><span style=\"font-family: Arial, sans-serif; font-size: 13pt;\">Contabilidad 2 y Contabilidad Fiscal.<\/span><\/span><\/p>\t\t\t\t\t\t\t\t<\/div>\n\t\t\t\t<\/div>\n\t\t\t\t\t<\/div>\n\t\t<\/div>\n\t\t\t\t<div class=\"elementor-column elementor-col-50 elementor-top-column elementor-element elementor-element-c07153d\" data-id=\"c07153d\" data-element_type=\"column\" data-e-type=\"column\">\n\t\t\t<div class=\"elementor-widget-wrap elementor-element-populated\">\n\t\t\t\t\t\t<div class=\"elementor-element elementor-element-d13fb5e elementor-widget elementor-widget-image\" data-id=\"d13fb5e\" data-element_type=\"widget\" data-e-type=\"widget\" data-widget_type=\"image.default\">\n\t\t\t\t<div class=\"elementor-widget-container\">\n\t\t\t\t\t\t\t\t\t\t\t\t\t\t\t<img loading=\"lazy\" decoding=\"async\" width=\"640\" height=\"415\" src=\"https:\/\/heyddyescobar.com\/wp-content\/uploads\/2022\/04\/261534307_4342721332521553_1272576004444761247_n-1.jpg\" class=\"attachment-large size-large wp-image-1675\" alt=\"\" srcset=\"https:\/\/heyddyescobar.com\/wp-content\/uploads\/2022\/04\/261534307_4342721332521553_1272576004444761247_n-1.jpg 828w, https:\/\/heyddyescobar.com\/wp-content\/uploads\/2022\/04\/261534307_4342721332521553_1272576004444761247_n-1-300x195.jpg 300w, https:\/\/heyddyescobar.com\/wp-content\/uploads\/2022\/04\/261534307_4342721332521553_1272576004444761247_n-1-768x498.jpg 768w\" sizes=\"(max-width: 640px) 100vw, 640px\" \/>\t\t\t\t\t\t\t\t\t\t\t\t\t\t\t<\/div>\n\t\t\t\t<\/div>\n\t\t\t\t\t<\/div>\n\t\t<\/div>\n\t\t\t\t\t<\/div>\n\t\t<\/section>\n\t\t\t\t<section class=\"elementor-section elementor-top-section elementor-element elementor-element-4099c3a elementor-section-boxed elementor-section-height-default elementor-section-height-default\" data-id=\"4099c3a\" data-element_type=\"section\" data-e-type=\"section\">\n\t\t\t\t\t\t<div class=\"elementor-container elementor-column-gap-default\">\n\t\t\t\t\t<div class=\"elementor-column elementor-col-100 elementor-top-column elementor-element elementor-element-6290f17\" data-id=\"6290f17\" data-element_type=\"column\" data-e-type=\"column\">\n\t\t\t<div class=\"elementor-widget-wrap elementor-element-populated\">\n\t\t\t\t\t\t<div class=\"elementor-element elementor-element-5d896ca elementor-widget elementor-widget-text-editor\" data-id=\"5d896ca\" data-element_type=\"widget\" data-e-type=\"widget\" data-widget_type=\"text-editor.default\">\n\t\t\t\t<div class=\"elementor-widget-container\">\n\t\t\t\t\t\t\t\t\t<p><span style=\"color: #333399;\"><span style=\"font-family: Arial, sans-serif; font-size: 17.3333px; text-align: left;\">A inicios de 2022 decid\u00ed dar mis primeros pasos y tomar un curso de certificaci\u00f3n Internacional como Coach Ejecutivo y de Equipos con el Tecnol\u00f3gico de Monterrey.\u00a0<\/span><span style=\"font-family: Arial, sans-serif; font-size: 17.3333px; text-align: left;\">Estoy muy contenta de haber incursionado en esta nueva fase de mi vida, siempre dispuesta a nuevos retos e ir tras la mejor versi\u00f3n de m\u00ed para guiar a otros.<\/span><\/span><\/p><p><span style=\"color: #333399; font-family: Arial, sans-serif; font-size: 17.3333px; text-align: left;\">Esta es una parte de mi historia, s\u00e9 que ustedes tambi\u00e9n tienen mucho que contar \u00a1Los invito a suscribirse a mi blog y a formar parte de esta red!<\/span><\/p>\t\t\t\t\t\t\t\t<\/div>\n\t\t\t\t<\/div>\n\t\t\t\t\t<\/div>\n\t\t<\/div>\n\t\t\t\t\t<\/div>\n\t\t<\/section>\n\t\t\t\t<section class=\"elementor-section elementor-top-section elementor-element elementor-element-000dd87 elementor-section-boxed elementor-section-height-default elementor-section-height-default\" data-id=\"000dd87\" data-element_type=\"section\" data-e-type=\"section\">\n\t\t\t\t\t\t<div class=\"elementor-container elementor-column-gap-default\">\n\t\t\t\t\t<div class=\"elementor-column elementor-col-100 elementor-top-column elementor-element elementor-element-689ec46\" data-id=\"689ec46\" data-element_type=\"column\" data-e-type=\"column\">\n\t\t\t<div class=\"elementor-widget-wrap elementor-element-populated\">\n\t\t\t\t\t\t<div class=\"elementor-element elementor-element-ff3dfad elementor-widget elementor-widget-text-editor\" data-id=\"ff3dfad\" data-element_type=\"widget\" data-e-type=\"widget\" data-widget_type=\"text-editor.default\">\n\t\t\t\t<div class=\"elementor-widget-container\">\n\t\t\t\t\t\t\t\t\t<p><span style=\"background-color: #f6f8fa; color: #333399; font-family: 'Barlow Semi Condensed'; font-size: 13pt; text-align: center;\">\u00bfAlguna vez has pasado por ese m\u00e1gico momento donde descubres que la vida se construye aqu\u00ed y ahora? Vivimos en el eterno presente. Est\u00e1s en el lugar indicado, todo este tiempo lo has estado. Y s\u00ed, eres la persona indicada, con la voluntad y la fuerza perfecta para cumplir cada uno de tus sue\u00f1os.<\/span><\/p>\n<p style=\"margin: 0cm; font-size: 33px; text-align: center; background: #f6f8fa; vertical-align: baseline;\" align=\"center\">\n<\/p>\t\t\t\t\t\t\t\t<\/div>\n\t\t\t\t<\/div>\n\t\t\t\t\t<\/div>\n\t\t<\/div>\n\t\t\t\t\t<\/div>\n\t\t<\/section>\n\t\t\t\t<\/div>\n\t\t","protected":false},"excerpt":{"rendered":"<p>Apasionada por la educaci\u00f3n continua, me siento orgullosa de los retos que he afrontado a lo largo de mi vida. Cada acierto y cada desacierto han sido parte fundamental del camino que me ha conducido hacia la madurez personal y profesional. Las herramientas m\u00e1s valiosas en mi proceso de aprendizaje han sido la escucha activa [&hellip;]<\/p>\n","protected":false},"author":1,"featured_media":0,"parent":0,"menu_order":0,"comment_status":"closed","ping_status":"closed","template":"","meta":{"om_disable_all_campaigns":false,"_uag_custom_page_level_css":"","_monsterinsights_skip_tracking":false,"_monsterinsights_sitenote_active":false,"_monsterinsights_sitenote_note":"","_monsterinsights_sitenote_category":0,"_kadence_starter_templates_imported_post":false,"footnotes":""},"class_list":["post-1572","page","type-page","status-publish","hentry"],"aioseo_notices":[],"uagb_featured_image_src":{"full":false,"thumbnail":false,"medium":false,"medium_large":false,"large":false,"post-slider-thumb-size":false,"post-category-slider-size":false,"1536x1536":false,"2048x2048":false},"uagb_author_info":{"display_name":"Heyddy Escobar","author_link":"https:\/\/heyddyescobar.com\/?author=1"},"uagb_comment_info":0,"uagb_excerpt":"Apasionada por la educaci\u00f3n continua, me siento orgullosa de los retos que he afrontado a lo largo de mi vida. Cada acierto y cada desacierto han sido parte fundamental del camino que me ha conducido hacia la madurez personal y profesional. Las herramientas m\u00e1s valiosas en mi proceso de aprendizaje han sido la escucha activa&hellip;","post_mailing_queue_ids":[],"_links":{"self":[{"href":"https:\/\/heyddyescobar.com\/index.php?rest_route=\/wp\/v2\/pages\/1572","targetHints":{"allow":["GET"]}}],"collection":[{"href":"https:\/\/heyddyescobar.com\/index.php?rest_route=\/wp\/v2\/pages"}],"about":[{"href":"https:\/\/heyddyescobar.com\/index.php?rest_route=\/wp\/v2\/types\/page"}],"author":[{"embeddable":true,"href":"https:\/\/heyddyescobar.com\/index.php?rest_route=\/wp\/v2\/users\/1"}],"replies":[{"embeddable":true,"href":"https:\/\/heyddyescobar.com\/index.php?rest_route=%2Fwp%2Fv2%2Fcomments&post=1572"}],"version-history":[{"count":346,"href":"https:\/\/heyddyescobar.com\/index.php?rest_route=\/wp\/v2\/pages\/1572\/revisions"}],"predecessor-version":[{"id":3303,"href":"https:\/\/heyddyescobar.com\/index.php?rest_route=\/wp\/v2\/pages\/1572\/revisions\/3303"}],"wp:attachment":[{"href":"https:\/\/heyddyescobar.com\/index.php?rest_route=%2Fwp%2Fv2%2Fmedia&parent=1572"}],"curies":[{"name":"wp","href":"https:\/\/api.w.org\/{rel}","templated":true}]}}