{"id":1463,"date":"2022-04-15T03:07:52","date_gmt":"2022-04-15T03:07:52","guid":{"rendered":"https:\/\/heyddyescobar.com\/?page_id=1463"},"modified":"2022-04-18T02:39:33","modified_gmt":"2022-04-18T02:39:33","slug":"inicio","status":"publish","type":"page","link":"https:\/\/heyddyescobar.com\/?page_id=1463","title":{"rendered":"Inicio"},"content":{"rendered":"\t\t<div data-elementor-type=\"wp-page\" data-elementor-id=\"1463\" class=\"elementor elementor-1463\">\n\t\t\t\t\t\t<section class=\"elementor-section elementor-top-section elementor-element elementor-element-eb4762c elementor-section-boxed elementor-section-height-default elementor-section-height-default\" data-id=\"eb4762c\" data-element_type=\"section\" data-e-type=\"section\">\n\t\t\t\t\t\t<div class=\"elementor-container elementor-column-gap-default\">\n\t\t\t\t\t<div class=\"elementor-column elementor-col-50 elementor-top-column elementor-element elementor-element-b6e9185\" data-id=\"b6e9185\" data-element_type=\"column\" data-e-type=\"column\">\n\t\t\t<div class=\"elementor-widget-wrap elementor-element-populated\">\n\t\t\t\t\t\t<div class=\"elementor-element elementor-element-482b3f8 elementor-widget elementor-widget-image\" data-id=\"482b3f8\" data-element_type=\"widget\" data-e-type=\"widget\" data-widget_type=\"image.default\">\n\t\t\t\t<div class=\"elementor-widget-container\">\n\t\t\t\t\t\t\t\t\t\t\t\t\t\t\t<img fetchpriority=\"high\" decoding=\"async\" width=\"640\" height=\"644\" src=\"https:\/\/heyddyescobar.com\/wp-content\/uploads\/2022\/02\/cropped-cropped-cropped-esta4_1-2-e1649958779332-1-1017x1024.jpg\" class=\"attachment-large size-large wp-image-1901\" alt=\"\" srcset=\"https:\/\/heyddyescobar.com\/wp-content\/uploads\/2022\/02\/cropped-cropped-cropped-esta4_1-2-e1649958779332-1-1017x1024.jpg 1017w, https:\/\/heyddyescobar.com\/wp-content\/uploads\/2022\/02\/cropped-cropped-cropped-esta4_1-2-e1649958779332-1-298x300.jpg 298w, https:\/\/heyddyescobar.com\/wp-content\/uploads\/2022\/02\/cropped-cropped-cropped-esta4_1-2-e1649958779332-1-150x150.jpg 150w, https:\/\/heyddyescobar.com\/wp-content\/uploads\/2022\/02\/cropped-cropped-cropped-esta4_1-2-e1649958779332-1-768x773.jpg 768w, https:\/\/heyddyescobar.com\/wp-content\/uploads\/2022\/02\/cropped-cropped-cropped-esta4_1-2-e1649958779332-1.jpg 1400w\" sizes=\"(max-width: 640px) 100vw, 640px\" \/>\t\t\t\t\t\t\t\t\t\t\t\t\t\t\t<\/div>\n\t\t\t\t<\/div>\n\t\t\t\t\t<\/div>\n\t\t<\/div>\n\t\t\t\t<div class=\"elementor-column elementor-col-50 elementor-top-column elementor-element elementor-element-50642a1\" data-id=\"50642a1\" data-element_type=\"column\" data-e-type=\"column\">\n\t\t\t<div class=\"elementor-widget-wrap elementor-element-populated\">\n\t\t\t\t\t\t<div class=\"elementor-element elementor-element-d189075 elementor-widget elementor-widget-text-editor\" data-id=\"d189075\" data-element_type=\"widget\" data-e-type=\"widget\" data-widget_type=\"text-editor.default\">\n\t\t\t\t<div class=\"elementor-widget-container\">\n\t\t\t\t\t\t\t\t\t<p style=\"text-align: justify;\">\u00a0 \u00a0 \u00a0 \u00a0 \u00a0 \u00a0 \u00a0 \u00a0 \u00a0 \u00a0 \u00a0 <b style=\"text-align: left;\"><span style=\"font-size: 22pt; line-height: 107%; font-family: 'Work Sans'; color: #5b9bd5; background-image: initial; background-position: initial; background-size: initial; background-repeat: initial; background-attachment: initial; background-origin: initial; background-clip: initial;\">Bienvenid@s<\/span><\/b><span style=\"text-align: left; font-size: 22pt; line-height: 107%; font-family: 'Work Sans';\">\u00a0<\/span><\/p><p style=\"text-align: justify;\"><span style=\"color: #2e4548; font-family: Arial, sans-serif; font-size: 17.3333px;\">La educaci\u00f3n tambi\u00e9n nos invita a ser m\u00e1s humanos, a relacionarnos en sociedad y a ser m\u00e1s emp\u00e1ticos. Por eso estamos aqu\u00ed, gracias por formar parte de este proceso de transformaci\u00f3n.<\/span><\/p><p><span style=\"color: #2e4548; font-family: Arial, sans-serif; font-size: 17.3333px; text-align: justify;\">S\u00ed, hay mucho que aprender para formarnos como profesionales. Podemos cultivar el h\u00e1bito del autoestudio, leer libros, aprender metodolog\u00edas y capacitarnos, pero considero que la mayor oportunidad radica en nuestra capacidad para compartir conocimientos y apoyar a nuestros pares.\u00a0<\/span><span style=\"color: #2e4548; font-family: Arial, sans-serif; font-size: 17.3333px; text-align: justify;\"><br \/><\/span><\/p><p><span style=\"color: #2e4548; font-family: Arial, sans-serif;\"><span style=\"font-size: 17.3333px;\">Los invito a suscribirse para crear una maravillosa red de profesionales en Auditor\u00eda Interna. Sus aportes y comentarios son bienvenidos.<\/span><\/span><\/p>\t\t\t\t\t\t\t\t<\/div>\n\t\t\t\t<\/div>\n\t\t\t\t\t<\/div>\n\t\t<\/div>\n\t\t\t\t\t<\/div>\n\t\t<\/section>\n\t\t\t\t<section class=\"elementor-section elementor-top-section elementor-element elementor-element-5157301 elementor-section-boxed elementor-section-height-default elementor-section-height-default\" data-id=\"5157301\" data-element_type=\"section\" data-e-type=\"section\">\n\t\t\t\t\t\t<div class=\"elementor-container elementor-column-gap-default\">\n\t\t\t\t\t<div class=\"elementor-column elementor-col-50 elementor-top-column elementor-element elementor-element-24b8c8a\" data-id=\"24b8c8a\" data-element_type=\"column\" data-e-type=\"column\">\n\t\t\t<div class=\"elementor-widget-wrap elementor-element-populated\">\n\t\t\t\t\t\t<div class=\"elementor-element elementor-element-c67713b elementor-widget elementor-widget-text-editor\" data-id=\"c67713b\" data-element_type=\"widget\" data-e-type=\"widget\" data-widget_type=\"text-editor.default\">\n\t\t\t\t<div class=\"elementor-widget-container\">\n\t\t\t\t\t\t\t\t\t<p class=\"MsoNormal\" style=\"text-align: justify; line-height: normal; background-image: initial; background-position: initial; background-size: initial; background-repeat: initial; background-attachment: initial; background-origin: initial; background-clip: initial;\"><span style=\"font-size: 13pt; font-family: Arial, sans-serif; color: #2e4548; background-image: initial; background-position: initial; background-size: initial; background-repeat: initial; background-attachment: initial; background-origin: initial; background-clip: initial;\">&nbsp;<\/span><\/p>\n<p class=\"MsoNormal\" style=\"text-align: justify; line-height: normal; background-image: initial; background-position: initial; background-size: initial; background-repeat: initial; background-attachment: initial; background-origin: initial; background-clip: initial;\"><span style=\"font-size: 13pt; font-family: Arial, sans-serif; color: #2e4548; background-image: initial; background-position: initial; background-size: initial; background-repeat: initial; background-attachment: initial; background-origin: initial; background-clip: initial;\">\u00abEl verdadero buscador crece y aprende, descubre que es el principal responsable de lo que sucede\u00bb (Jorge Bucay).<\/span><\/p>\n<p class=\"MsoNormal\" style=\"text-align: justify; line-height: normal; background-image: initial; background-position: initial; background-size: initial; background-repeat: initial; background-attachment: initial; background-origin: initial; background-clip: initial;\"><span style=\"font-size: 13pt; font-family: Arial, sans-serif; color: #2e4548; background-image: initial; background-position: initial; background-size: initial; background-repeat: initial; background-attachment: initial; background-origin: initial; background-clip: initial;\">Hagamos que ocurran todos nuestros sue\u00f1os.&nbsp;<\/span><\/p>\n<p class=\"MsoNormal\" style=\"text-align: justify; line-height: normal; background-image: initial; background-position: initial; background-size: initial; background-repeat: initial; background-attachment: initial; background-origin: initial; background-clip: initial;\"><span style=\"color: rgb(46, 69, 72); font-family: Arial, sans-serif; font-size: 13pt;\">Podemos ser agentes de cambio y transformaci\u00f3n positiva en las Compa\u00f1\u00edas donde colaboramos, ese es nuestro principal reto como profesionales.<\/span><br><\/p>\n<p class=\"MsoNormal\" style=\"text-align: justify; line-height: normal; background-image: initial; background-position: initial; background-size: initial; background-repeat: initial; background-attachment: initial; background-origin: initial; background-clip: initial;\">\n<\/p><p class=\"MsoNormal\" style=\"text-align: justify; line-height: normal; background-image: initial; background-position: initial; background-size: initial; background-repeat: initial; background-attachment: initial; background-origin: initial; background-clip: initial;\"><span style=\"font-size: 13.0pt; font-family: 'Arial',sans-serif; mso-fareast-font-family: 'Times New Roman'; color: #2e4548; mso-fareast-language: ES-NI;\">Aportar valor tambi\u00e9n significa conocer las necesidades de los clientes internos y partes interesadas. M\u00e1s all\u00e1 de encontrar el problema es crear soluciones de valor.<\/span><\/p>\n<p class=\"MsoNormal\" style=\"text-align: justify; line-height: normal; background-image: initial; background-position: initial; background-size: initial; background-repeat: initial; background-attachment: initial; background-origin: initial; background-clip: initial;\"><span style=\"color: rgb(46, 69, 72); font-family: Arial, sans-serif; font-size: 17.3333px;\">Espero que les sea de mucha utilidad navegar por este portal, especialmente para aquellos que est\u00e1n comprometidos con la b\u00fasqueda de la mejor versi\u00f3n de si mismo.&nbsp;<\/span><\/p><p class=\"MsoNormal\" style=\"text-align: justify; line-height: normal; background-image: initial; background-position: initial; background-size: initial; background-repeat: initial; background-attachment: initial; background-origin: initial; background-clip: initial;\"><font color=\"#2e4548\" face=\"Arial, sans-serif\"><span style=\"font-size: 17.3333px;\">\u00a1Suscr\u00edbete y compartamos nuestra mejor historia!<\/span><\/font><\/p>\n<p class=\"MsoNormal\" style=\"text-align: justify; line-height: normal; background-image: initial; background-position: initial; background-size: initial; background-repeat: initial; background-attachment: initial; background-origin: initial; background-clip: initial;\">\n<\/p><p style=\"margin: 0cm 0cm 12.0pt 0cm;\">\n<\/p>\t\t\t\t\t\t\t\t<\/div>\n\t\t\t\t<\/div>\n\t\t\t\t\t<\/div>\n\t\t<\/div>\n\t\t\t\t<div class=\"elementor-column elementor-col-50 elementor-top-column elementor-element elementor-element-92c17fc\" data-id=\"92c17fc\" data-element_type=\"column\" data-e-type=\"column\">\n\t\t\t<div class=\"elementor-widget-wrap elementor-element-populated\">\n\t\t\t\t\t\t<div class=\"elementor-element elementor-element-e97f4eb elementor-widget elementor-widget-image\" data-id=\"e97f4eb\" data-element_type=\"widget\" data-e-type=\"widget\" data-widget_type=\"image.default\">\n\t\t\t\t<div class=\"elementor-widget-container\">\n\t\t\t\t\t\t\t\t\t\t\t\t\t\t\t<img decoding=\"async\" width=\"1280\" height=\"853\" src=\"https:\/\/heyddyescobar.com\/wp-content\/uploads\/2022\/04\/woman-stairs-career-6583628.jpg\" class=\"attachment-full size-full wp-image-2164\" alt=\"woman, stairs, career-6583628.jpg\" srcset=\"https:\/\/heyddyescobar.com\/wp-content\/uploads\/2022\/04\/woman-stairs-career-6583628.jpg 1280w, https:\/\/heyddyescobar.com\/wp-content\/uploads\/2022\/04\/woman-stairs-career-6583628-300x200.jpg 300w, https:\/\/heyddyescobar.com\/wp-content\/uploads\/2022\/04\/woman-stairs-career-6583628-1024x682.jpg 1024w, https:\/\/heyddyescobar.com\/wp-content\/uploads\/2022\/04\/woman-stairs-career-6583628-768x512.jpg 768w\" sizes=\"(max-width: 1280px) 100vw, 1280px\" \/>\t\t\t\t\t\t\t\t\t\t\t\t\t\t\t<\/div>\n\t\t\t\t<\/div>\n\t\t\t\t\t<\/div>\n\t\t<\/div>\n\t\t\t\t\t<\/div>\n\t\t<\/section>\n\t\t\t\t<\/div>\n\t\t","protected":false},"excerpt":{"rendered":"<p>\u00a0 \u00a0 \u00a0 \u00a0 \u00a0 \u00a0 \u00a0 \u00a0 \u00a0 \u00a0 \u00a0 Bienvenid@s\u00a0 La educaci\u00f3n tambi\u00e9n nos invita a ser m\u00e1s humanos, a relacionarnos en sociedad y a ser m\u00e1s emp\u00e1ticos. Por eso estamos aqu\u00ed, gracias por formar parte de este proceso de transformaci\u00f3n. S\u00ed, hay mucho que aprender para formarnos como profesionales. Podemos cultivar el [&hellip;]<\/p>\n","protected":false},"author":1,"featured_media":0,"parent":0,"menu_order":0,"comment_status":"closed","ping_status":"closed","template":"","meta":{"om_disable_all_campaigns":false,"_uag_custom_page_level_css":"","_monsterinsights_skip_tracking":false,"_monsterinsights_sitenote_active":false,"_monsterinsights_sitenote_note":"","_monsterinsights_sitenote_category":0,"_kadence_starter_templates_imported_post":false,"footnotes":""},"class_list":["post-1463","page","type-page","status-publish","hentry"],"aioseo_notices":[],"uagb_featured_image_src":{"full":false,"thumbnail":false,"medium":false,"medium_large":false,"large":false,"post-slider-thumb-size":false,"post-category-slider-size":false,"1536x1536":false,"2048x2048":false},"uagb_author_info":{"display_name":"Heyddy Escobar","author_link":"https:\/\/heyddyescobar.com\/?author=1"},"uagb_comment_info":0,"uagb_excerpt":"\u00a0 \u00a0 \u00a0 \u00a0 \u00a0 \u00a0 \u00a0 \u00a0 \u00a0 \u00a0 \u00a0 Bienvenid@s\u00a0 La educaci\u00f3n tambi\u00e9n nos invita a ser m\u00e1s humanos, a relacionarnos en sociedad y a ser m\u00e1s emp\u00e1ticos. Por eso estamos aqu\u00ed, gracias por formar parte de este proceso de transformaci\u00f3n. S\u00ed, hay mucho que aprender para formarnos como profesionales. Podemos cultivar el&hellip;","post_mailing_queue_ids":[],"_links":{"self":[{"href":"https:\/\/heyddyescobar.com\/index.php?rest_route=\/wp\/v2\/pages\/1463","targetHints":{"allow":["GET"]}}],"collection":[{"href":"https:\/\/heyddyescobar.com\/index.php?rest_route=\/wp\/v2\/pages"}],"about":[{"href":"https:\/\/heyddyescobar.com\/index.php?rest_route=\/wp\/v2\/types\/page"}],"author":[{"embeddable":true,"href":"https:\/\/heyddyescobar.com\/index.php?rest_route=\/wp\/v2\/users\/1"}],"replies":[{"embeddable":true,"href":"https:\/\/heyddyescobar.com\/index.php?rest_route=%2Fwp%2Fv2%2Fcomments&post=1463"}],"version-history":[{"count":173,"href":"https:\/\/heyddyescobar.com\/index.php?rest_route=\/wp\/v2\/pages\/1463\/revisions"}],"predecessor-version":[{"id":2212,"href":"https:\/\/heyddyescobar.com\/index.php?rest_route=\/wp\/v2\/pages\/1463\/revisions\/2212"}],"wp:attachment":[{"href":"https:\/\/heyddyescobar.com\/index.php?rest_route=%2Fwp%2Fv2%2Fmedia&parent=1463"}],"curies":[{"name":"wp","href":"https:\/\/api.w.org\/{rel}","templated":true}]}}